{"id":2493,"date":"2022-09-14T23:13:02","date_gmt":"2022-09-15T03:13:02","guid":{"rendered":"https:\/\/isf.edu.py\/inicio\/?page_id=2493"},"modified":"2025-09-18T15:13:19","modified_gmt":"2025-09-18T19:13:19","slug":"matricula2026","status":"publish","type":"page","link":"https:\/\/isf.edu.py\/inicio\/matricula2026\/","title":{"rendered":"Matr\u00edcula 2026"},"content":{"rendered":"\t\t<div data-elementor-type=\"wp-page\" data-elementor-id=\"2493\" class=\"elementor elementor-2493\">\n\t\t\t\t\t\t<section class=\"elementor-section elementor-top-section elementor-element elementor-element-916680c elementor-section-boxed elementor-section-height-default elementor-section-height-default\" data-id=\"916680c\" data-element_type=\"section\">\n\t\t\t\t\t\t<div class=\"elementor-container elementor-column-gap-default\">\n\t\t\t\t\t<div class=\"elementor-column elementor-col-100 elementor-top-column elementor-element elementor-element-da43d81\" data-id=\"da43d81\" data-element_type=\"column\">\n\t\t\t<div class=\"elementor-widget-wrap elementor-element-populated\">\n\t\t\t\t\t\t<div class=\"elementor-element elementor-element-caa669b animated-slow elementor-tabs-alignment-center elementor-tabs-view-horizontal elementor-widget elementor-widget-tabs\" data-id=\"caa669b\" data-element_type=\"widget\" data-settings=\"{&quot;_animation&quot;:&quot;none&quot;}\" data-widget_type=\"tabs.default\">\n\t\t\t\t<div class=\"elementor-widget-container\">\n\t\t\t\t\t<div class=\"elementor-tabs\">\n\t\t\t<div class=\"elementor-tabs-wrapper\" role=\"tablist\" >\n\t\t\t\t\t\t\t\t\t<div id=\"elementor-tab-title-2121\" class=\"elementor-tab-title elementor-tab-desktop-title\" aria-selected=\"true\" data-tab=\"1\" role=\"tab\" tabindex=\"0\" aria-controls=\"elementor-tab-content-2121\" aria-expanded=\"false\"><\/div>\n\t\t\t\t\t\t\t\t\t<div id=\"elementor-tab-title-2122\" class=\"elementor-tab-title elementor-tab-desktop-title\" aria-selected=\"false\" data-tab=\"2\" role=\"tab\" tabindex=\"-1\" aria-controls=\"elementor-tab-content-2122\" aria-expanded=\"false\">Estudiantes de Siempre<\/div>\n\t\t\t\t\t\t\t\t\t<div id=\"elementor-tab-title-2123\" class=\"elementor-tab-title elementor-tab-desktop-title\" aria-selected=\"false\" data-tab=\"3\" role=\"tab\" tabindex=\"-1\" aria-controls=\"elementor-tab-content-2123\" aria-expanded=\"false\">Hermanos de Estudiantes<\/div>\n\t\t\t\t\t\t\t\t\t<div id=\"elementor-tab-title-2124\" class=\"elementor-tab-title elementor-tab-desktop-title\" aria-selected=\"false\" data-tab=\"4\" role=\"tab\" tabindex=\"-1\" aria-controls=\"elementor-tab-content-2124\" aria-expanded=\"false\">Estudiantes Nuevos<\/div>\n\t\t\t\t\t\t\t<\/div>\n\t\t\t<div class=\"elementor-tabs-content-wrapper\" role=\"tablist\" aria-orientation=\"vertical\">\n\t\t\t\t\t\t\t\t\t<div class=\"elementor-tab-title elementor-tab-mobile-title\" aria-selected=\"true\" data-tab=\"1\" role=\"tab\" tabindex=\"0\" aria-controls=\"elementor-tab-content-2121\" aria-expanded=\"false\"><\/div>\n\t\t\t\t\t<div id=\"elementor-tab-content-2121\" class=\"elementor-tab-content elementor-clearfix\" data-tab=\"1\" role=\"tabpanel\" aria-labelledby=\"elementor-tab-title-2121\" tabindex=\"0\" hidden=\"false\"><p><img decoding=\"async\" src=\"https:\/\/isf.edu.py\/wp-content\/uploads\/2025\/09\/PREMATRICULA-NI-2026.jpg\" alt=\"\" \/><\/p><\/div>\n\t\t\t\t\t\t\t\t\t<div class=\"elementor-tab-title elementor-tab-mobile-title\" aria-selected=\"false\" data-tab=\"2\" role=\"tab\" tabindex=\"-1\" aria-controls=\"elementor-tab-content-2122\" aria-expanded=\"false\">Estudiantes de Siempre<\/div>\n\t\t\t\t\t<div id=\"elementor-tab-content-2122\" class=\"elementor-tab-content elementor-clearfix\" data-tab=\"2\" role=\"tabpanel\" aria-labelledby=\"elementor-tab-title-2122\" tabindex=\"0\" hidden=\"hidden\"><p><span style=\"font-size: 20px;\"><span style=\"color: #000000;\">Queridas familias, aqu\u00ed encontrar\u00e1n la Circular con las informaciones para concretar la Matr\u00edcula 2026.<br \/>En el correo institucional recibir\u00e1n los documentos que deben descargar, imprimir, completar en LETRA IMPRENTA MAY\u00daSCULA, firmar y entregar en la Instituci\u00f3n en las fechas asignadas a cada grado\/curso. \u00a0<\/span><\/span><span style=\"color: #000000; font-size: 20px; text-decoration-line: underline;\">Puedes encontrar toda la informaci\u00f3n necesaria en el documento<\/span><strong style=\"color: #000000; font-size: 20px;\"> \u00a0<a style=\"font-size: 20px; background-color: rgba(201, 159, 70, 0.22);\" href=\"https:\/\/moodle.opentechla.com\/\" target=\"_blank\" rel=\"noopener\">Circular Prematr\u00edcula para Alumnos de Siempre<\/a><\/strong><span style=\"font-size: 20px;\"><span style=\"color: #000000;\"> tambi\u00e9n disponible en la pesta\u00f1a <\/span><\/span> <a style=\"font-size: 20px; background-color: rgba(201, 159, 70, 0.22);\" href=\"https:\/\/moodle.opentechla.com\/\" target=\"_blank\" rel=\"noopener\">Matr\u00edcula 2026 del Aula Virtual.<\/a><\/p><p><img decoding=\"async\" src=\"https:\/\/isf.edu.py\/wp-content\/uploads\/2025\/09\/RESERVA-MATRICULA-EST-SIEMPRE-2026.jpg\" alt=\"\" \/><\/p><p><img decoding=\"async\" src=\"https:\/\/isf.edu.py\/wp-content\/uploads\/2025\/09\/RECEPC-DOCUM-MATRICULA-EST-SIEMPRE-2026.jpg\" alt=\"\" \/><\/p><\/div>\n\t\t\t\t\t\t\t\t\t<div class=\"elementor-tab-title elementor-tab-mobile-title\" aria-selected=\"false\" data-tab=\"3\" role=\"tab\" tabindex=\"-1\" aria-controls=\"elementor-tab-content-2123\" aria-expanded=\"false\">Hermanos de Estudiantes<\/div>\n\t\t\t\t\t<div id=\"elementor-tab-content-2123\" class=\"elementor-tab-content elementor-clearfix\" data-tab=\"3\" role=\"tabpanel\" aria-labelledby=\"elementor-tab-title-2123\" tabindex=\"0\" hidden=\"hidden\"><p style=\"text-align: center;\"><a style=\"font-size: 20px; background-color: rgba(201, 159, 70, 0.22);\" href=\"https:\/\/docs.google.com\/forms\/d\/e\/1FAIpQLScH721ljwG2owoML4hu9huzw4tqYqOzNjwSGASOsvDSDbcQ1w\/viewform?usp=header\" target=\"_blank\" rel=\"noopener\">Nivel Inicial<\/a><\/p><p><span style=\"font-size: 20px;\"><span style=\"color: #000000;\">Queridas familias, bienvenidos a nuestra Comunidad Educativa. Aqu\u00ed encontrar\u00e1n la Circular con informaciones para concretar la Pre Matr\u00edcula 2026. <\/span><\/span><span style=\"color: #000000; font-size: 20px; text-decoration-line: underline;\">Puedes encontrar toda la informaci\u00f3n necesaria en el documento<\/span><strong style=\"color: #000000; font-size: 20px;\"> <a style=\"font-size: 20px; background-color: rgba(201, 159, 70, 0.22);\" href=\"https:\/\/moodle.opentechla.com\/\" target=\"_blank\" rel=\"noopener\">Circular Prematr\u00edcula para Hermanos.<\/a><\/strong><\/p><p><img decoding=\"async\" src=\"https:\/\/isf.edu.py\/wp-content\/uploads\/2025\/09\/RECEP-DOCUM-MATRICULA-HNITOS-2026.jpg\" alt=\"\" \/><\/p><\/div>\n\t\t\t\t\t\t\t\t\t<div class=\"elementor-tab-title elementor-tab-mobile-title\" aria-selected=\"false\" data-tab=\"4\" role=\"tab\" tabindex=\"-1\" aria-controls=\"elementor-tab-content-2124\" aria-expanded=\"false\">Estudiantes Nuevos<\/div>\n\t\t\t\t\t<div id=\"elementor-tab-content-2124\" class=\"elementor-tab-content elementor-clearfix\" data-tab=\"4\" role=\"tabpanel\" aria-labelledby=\"elementor-tab-title-2124\" tabindex=\"0\" hidden=\"hidden\"><p style=\"text-align: center;\"><a style=\"font-size: 20px; background-color: rgba(201, 159, 70, 0.22);\" href=\"https:\/\/docs.google.com\/forms\/d\/e\/1FAIpQLSe1zakoWpfopRYvEQKOLc4ISZoZikL5btmDmzv-I-i26rZXQg\/viewform?usp=header\" target=\"_blank\" rel=\"noopener\">Nivel Inicial\u00a0<\/a>\u00a0 \u00a0 \u00a0 \u00a0 \u00a0 \u00a0 \u00a0 \u00a0 \u00a0 \u00a0 <a style=\"font-size: 20px; background-color: rgba(201, 159, 70, 0.22);\" href=\"https:\/\/docs.google.com\/forms\/d\/e\/1FAIpQLSeUYJPc3zRYXV76J-ucP_zoW1EGY_9Nw-GRTluy8kT16PMv_A\/viewform?usp=header\" target=\"_blank\" rel=\"noopener\">EEB NM<\/a><\/p><p><span style=\"font-size: 20px;\"><span style=\"color: #000000;\">Queridas familias, bienvenidos a nuestra Comunidad Educativa. Aqu\u00ed encontrar\u00e1n la Circular con informaciones para concretar la Pre Matr\u00edcula 2026. <\/span><\/span><span style=\"color: #000000; font-size: 20px; text-decoration-line: underline;\">Puedes encontrar toda la informaci\u00f3n necesaria en el documento<\/span><strong style=\"color: #000000; font-size: 20px;\"> <a style=\"font-size: 20px; background-color: rgba(201, 159, 70, 0.22);\" href=\"https:\/\/isf.edu.py\/wp-content\/uploads\/2025\/09\/00-4-web-CIRCULAR-PREMATRICULA-ESTUDIANTES-NUEVOS.pdf\" target=\"_blank\" rel=\"noopener\">Circular Prematr\u00edcula para Alumnos Nuevos.<\/a><\/strong><\/p><p><img decoding=\"async\" src=\"https:\/\/isf.edu.py\/wp-content\/uploads\/2025\/09\/AVISO-VACANTES-MATRICULA-NUEVOS-EEByNM-2026.jpg\" alt=\"\" \/><\/p><p><img decoding=\"async\" src=\"https:\/\/isf.edu.py\/wp-content\/uploads\/2025\/09\/RECEP-DOCUM-MATRICULA-NUEVOS-NI-2026.jpg\" alt=\"\" \/><\/p><p><a href=\"https:\/\/isf.edu.py\/wp-content\/uploads\/2025\/09\/00-4-web-CIRCULAR-PREMATRICULA-ESTUDIANTES-NUEVOS.pdf\" target=\"_blank\" rel=\"noopener\">https:\/\/isf.edu.py\/wp-content\/uploads\/2025\/09\/00-4-web-CIRCULAR-PREMATRICULA-ESTUDIANTES-NUEVOS.pdf<\/a><\/p><\/div>\n\t\t\t\t\t\t\t<\/div>\n\t\t<\/div>\n\t\t\t\t<\/div>\n\t\t\t\t<\/div>\n\t\t\t\t\t<\/div>\n\t\t<\/div>\n\t\t\t\t\t<\/div>\n\t\t<\/section>\n\t\t\t\t<\/div>\n\t\t","protected":false},"excerpt":{"rendered":"<p>Estudiantes de Siempre Hermanos de Estudiantes Estudiantes Nuevos Estudiantes de Siempre Queridas familias, aqu\u00ed encontrar\u00e1n la Circular con las informaciones para concretar la Matr\u00edcula 2026.En el correo institucional recibir\u00e1n los documentos que deben descargar, imprimir, completar en LETRA IMPRENTA MAY\u00daSCULA, firmar y entregar en la Instituci\u00f3n en las fechas asignadas a cada grado\/curso. \u00a0Puedes encontrar &hellip;<\/p>\n<p class=\"read-more\"> <a class=\"\" href=\"https:\/\/isf.edu.py\/inicio\/matricula2026\/\"> <span class=\"screen-reader-text\">Matr\u00edcula 2026<\/span> Leer m\u00e1s &raquo;<\/a><\/p>\n","protected":false},"author":1,"featured_media":0,"parent":0,"menu_order":0,"comment_status":"closed","ping_status":"closed","template":"","meta":{"site-sidebar-layout":"no-sidebar","site-content-layout":"page-builder","ast-global-header-display":"","ast-main-header-display":"","ast-hfb-above-header-display":"","ast-hfb-below-header-display":"","ast-hfb-mobile-header-display":"","site-post-title":"disabled","ast-breadcrumbs-content":"","ast-featured-img":"disabled","footer-sml-layout":"","theme-transparent-header-meta":"default","adv-header-id-meta":"","stick-header-meta":"","header-above-stick-meta":"","header-main-stick-meta":"","header-below-stick-meta":""},"_links":{"self":[{"href":"https:\/\/isf.edu.py\/inicio\/wp-json\/wp\/v2\/pages\/2493"}],"collection":[{"href":"https:\/\/isf.edu.py\/inicio\/wp-json\/wp\/v2\/pages"}],"about":[{"href":"https:\/\/isf.edu.py\/inicio\/wp-json\/wp\/v2\/types\/page"}],"author":[{"embeddable":true,"href":"https:\/\/isf.edu.py\/inicio\/wp-json\/wp\/v2\/users\/1"}],"replies":[{"embeddable":true,"href":"https:\/\/isf.edu.py\/inicio\/wp-json\/wp\/v2\/comments?post=2493"}],"version-history":[{"count":201,"href":"https:\/\/isf.edu.py\/inicio\/wp-json\/wp\/v2\/pages\/2493\/revisions"}],"predecessor-version":[{"id":3196,"href":"https:\/\/isf.edu.py\/inicio\/wp-json\/wp\/v2\/pages\/2493\/revisions\/3196"}],"wp:attachment":[{"href":"https:\/\/isf.edu.py\/inicio\/wp-json\/wp\/v2\/media?parent=2493"}],"curies":[{"name":"wp","href":"https:\/\/api.w.org\/{rel}","templated":true}]}}