{"id":747,"date":"2020-08-29T11:19:45","date_gmt":"2020-08-29T15:19:45","guid":{"rendered":"https:\/\/isf.edu.py\/inicio\/?page_id=747"},"modified":"2024-02-01T17:31:01","modified_gmt":"2024-02-01T21:31:01","slug":"institucional","status":"publish","type":"page","link":"https:\/\/isf.edu.py\/inicio\/institucional\/","title":{"rendered":"Institucional"},"content":{"rendered":"\t\t<div data-elementor-type=\"wp-page\" data-elementor-id=\"747\" class=\"elementor elementor-747\">\n\t\t\t\t\t\t<section class=\"elementor-section elementor-top-section elementor-element elementor-element-233ff62 elementor-section-boxed elementor-section-height-default elementor-section-height-default\" data-id=\"233ff62\" data-element_type=\"section\">\n\t\t\t\t\t\t<div class=\"elementor-container elementor-column-gap-default\">\n\t\t\t\t\t<div class=\"elementor-column elementor-col-50 elementor-top-column elementor-element elementor-element-09c5fbc\" data-id=\"09c5fbc\" data-element_type=\"column\">\n\t\t\t<div class=\"elementor-widget-wrap elementor-element-populated\">\n\t\t\t\t\t\t<div class=\"elementor-element elementor-element-2bb9b49 elementor-widget elementor-widget-spacer\" data-id=\"2bb9b49\" data-element_type=\"widget\" data-widget_type=\"spacer.default\">\n\t\t\t\t<div class=\"elementor-widget-container\">\n\t\t\t\t\t<div class=\"elementor-spacer\">\n\t\t\t<div class=\"elementor-spacer-inner\"><\/div>\n\t\t<\/div>\n\t\t\t\t<\/div>\n\t\t\t\t<\/div>\n\t\t\t\t<div class=\"elementor-element elementor-element-bae4352 elementor-widget elementor-widget-text-editor\" data-id=\"bae4352\" data-element_type=\"widget\" data-widget_type=\"text-editor.default\">\n\t\t\t\t<div class=\"elementor-widget-container\">\n\t\t\t\t\t\t\t<p style=\"text-align: center;\"><span style=\"font-size: 32px; font-family: arial, helvetica, sans-serif;\">Propuesta pedag\u00f3gica<\/span><\/p><p>\u00a0 \u00a0 \u00a0 \u00a0 En sus diversas etapas buscar\u00e1 permanentemente el aprendizaje significativo, la educaci\u00f3n en valores, la incorporaci\u00f3n de las actividades l\u00fadicas, el desarrollo de la creatividad y la integraci\u00f3n de la evaluaci\u00f3n como proceso constante y formativo.<\/p><p>\u00a0 \u00a0 \u00a0 \u00a0 Nuestra propuesta pedag\u00f3gica busca la formaci\u00f3n integral del ni\u00f1o, promoviendo los principios evang\u00e9licos, desde una educaci\u00f3n inclusiva y en valores, abierta a todos sin distinci\u00f3n y tiene en cuenta las condiciones singulares de cada educando y las etapas evolutivas de su crecimiento intelectual, afectivo, moral y espiritual.<\/p>\t\t\t\t\t\t<\/div>\n\t\t\t\t<\/div>\n\t\t\t\t\t<\/div>\n\t\t<\/div>\n\t\t\t\t<div class=\"elementor-column elementor-col-50 elementor-top-column elementor-element elementor-element-2ec2dcc\" data-id=\"2ec2dcc\" data-element_type=\"column\">\n\t\t\t<div class=\"elementor-widget-wrap\">\n\t\t\t\t\t\t\t<\/div>\n\t\t<\/div>\n\t\t\t\t\t<\/div>\n\t\t<\/section>\n\t\t\t\t<section class=\"elementor-section elementor-top-section elementor-element elementor-element-1cb41c8 elementor-section-boxed elementor-section-height-default elementor-section-height-default\" data-id=\"1cb41c8\" data-element_type=\"section\" data-settings=\"{&quot;background_background&quot;:&quot;slideshow&quot;,&quot;background_slideshow_slide_transition&quot;:&quot;slide_up&quot;,&quot;background_slideshow_transition_duration&quot;:1000,&quot;background_slideshow_ken_burns&quot;:&quot;yes&quot;,&quot;background_slideshow_ken_burns_zoom_direction&quot;:&quot;out&quot;,&quot;background_slideshow_gallery&quot;:[],&quot;background_slideshow_loop&quot;:&quot;yes&quot;,&quot;background_slideshow_slide_duration&quot;:5000}\">\n\t\t\t\t\t\t\t<div class=\"elementor-background-overlay\"><\/div>\n\t\t\t\t\t\t\t<div class=\"elementor-container elementor-column-gap-default\">\n\t\t\t\t\t<div class=\"elementor-column elementor-col-100 elementor-top-column elementor-element elementor-element-bf628eb\" data-id=\"bf628eb\" data-element_type=\"column\">\n\t\t\t<div class=\"elementor-widget-wrap elementor-element-populated\">\n\t\t\t\t\t\t<div class=\"elementor-element elementor-element-cfdc1a8 elementor-arrows-position-inside elementor-pagination-position-outside elementor-widget elementor-widget-image-carousel\" data-id=\"cfdc1a8\" data-element_type=\"widget\" data-settings=\"{&quot;slides_to_show&quot;:&quot;3&quot;,&quot;slides_to_scroll&quot;:&quot;3&quot;,&quot;navigation&quot;:&quot;both&quot;,&quot;autoplay&quot;:&quot;yes&quot;,&quot;pause_on_hover&quot;:&quot;yes&quot;,&quot;pause_on_interaction&quot;:&quot;yes&quot;,&quot;autoplay_speed&quot;:5000,&quot;infinite&quot;:&quot;yes&quot;,&quot;speed&quot;:500,&quot;image_spacing_custom&quot;:{&quot;unit&quot;:&quot;px&quot;,&quot;size&quot;:20,&quot;sizes&quot;:[]},&quot;image_spacing_custom_tablet&quot;:{&quot;unit&quot;:&quot;px&quot;,&quot;size&quot;:&quot;&quot;,&quot;sizes&quot;:[]},&quot;image_spacing_custom_mobile&quot;:{&quot;unit&quot;:&quot;px&quot;,&quot;size&quot;:&quot;&quot;,&quot;sizes&quot;:[]}}\" data-widget_type=\"image-carousel.default\">\n\t\t\t\t<div class=\"elementor-widget-container\">\n\t\t\t\t\t<div class=\"elementor-image-carousel-wrapper swiper\" dir=\"ltr\">\n\t\t\t<div class=\"elementor-image-carousel swiper-wrapper\" aria-live=\"off\">\n\t\t\t\t\t\t\t\t<div class=\"swiper-slide\" role=\"group\" aria-roledescription=\"slide\" aria-label=\"1 de 16\"><a data-elementor-open-lightbox=\"yes\" data-elementor-lightbox-slideshow=\"cfdc1a8\" data-elementor-lightbox-title=\"2021016\" data-e-action-hash=\"#elementor-action%3Aaction%3Dlightbox%26settings%3DeyJpZCI6MTYzOSwidXJsIjoiaHR0cHM6XC9cL2lzZi5lZHUucHlcL3dwLWNvbnRlbnRcL3VwbG9hZHNcLzIwMjFcLzAxXC8yMDIxMDE2LmpwZyIsInNsaWRlc2hvdyI6ImNmZGMxYTgifQ%3D%3D\" href=\"https:\/\/www.facebook.com\/sagradasl\/photos_albums\"><figure class=\"swiper-slide-inner\"><img decoding=\"async\" class=\"swiper-slide-image\" src=\"https:\/\/isf.edu.py\/wp-content\/uploads\/2021\/01\/2021016-768x576.jpg\" alt=\"2021016\" \/><\/figure><\/a><\/div><div class=\"swiper-slide\" role=\"group\" aria-roledescription=\"slide\" aria-label=\"2 de 16\"><a data-elementor-open-lightbox=\"yes\" data-elementor-lightbox-slideshow=\"cfdc1a8\" data-elementor-lightbox-title=\"2021015\" data-e-action-hash=\"#elementor-action%3Aaction%3Dlightbox%26settings%3DeyJpZCI6MTY0MCwidXJsIjoiaHR0cHM6XC9cL2lzZi5lZHUucHlcL3dwLWNvbnRlbnRcL3VwbG9hZHNcLzIwMjFcLzAxXC8yMDIxMDE1LmpwZyIsInNsaWRlc2hvdyI6ImNmZGMxYTgifQ%3D%3D\" href=\"https:\/\/www.facebook.com\/sagradasl\/photos_albums\"><figure class=\"swiper-slide-inner\"><img decoding=\"async\" class=\"swiper-slide-image\" src=\"https:\/\/isf.edu.py\/wp-content\/uploads\/2021\/01\/2021015-768x576.jpg\" alt=\"2021015\" \/><\/figure><\/a><\/div><div class=\"swiper-slide\" role=\"group\" aria-roledescription=\"slide\" aria-label=\"3 de 16\"><a data-elementor-open-lightbox=\"yes\" data-elementor-lightbox-slideshow=\"cfdc1a8\" data-elementor-lightbox-title=\"2021014\" data-e-action-hash=\"#elementor-action%3Aaction%3Dlightbox%26settings%3DeyJpZCI6MTY0MSwidXJsIjoiaHR0cHM6XC9cL2lzZi5lZHUucHlcL3dwLWNvbnRlbnRcL3VwbG9hZHNcLzIwMjFcLzAxXC8yMDIxMDE0LmpwZyIsInNsaWRlc2hvdyI6ImNmZGMxYTgifQ%3D%3D\" href=\"https:\/\/www.facebook.com\/sagradasl\/photos_albums\"><figure class=\"swiper-slide-inner\"><img decoding=\"async\" class=\"swiper-slide-image\" src=\"https:\/\/isf.edu.py\/wp-content\/uploads\/2021\/01\/2021014.jpg\" alt=\"2021014\" \/><\/figure><\/a><\/div><div class=\"swiper-slide\" role=\"group\" aria-roledescription=\"slide\" aria-label=\"4 de 16\"><a data-elementor-open-lightbox=\"yes\" data-elementor-lightbox-slideshow=\"cfdc1a8\" data-elementor-lightbox-title=\"2021013\" data-e-action-hash=\"#elementor-action%3Aaction%3Dlightbox%26settings%3DeyJpZCI6MTY0MiwidXJsIjoiaHR0cHM6XC9cL2lzZi5lZHUucHlcL3dwLWNvbnRlbnRcL3VwbG9hZHNcLzIwMjFcLzAxXC8yMDIxMDEzLmpwZyIsInNsaWRlc2hvdyI6ImNmZGMxYTgifQ%3D%3D\" href=\"https:\/\/www.facebook.com\/sagradasl\/photos_albums\"><figure class=\"swiper-slide-inner\"><img decoding=\"async\" class=\"swiper-slide-image\" src=\"https:\/\/isf.edu.py\/wp-content\/uploads\/2021\/01\/2021013-768x576.jpg\" alt=\"2021013\" \/><\/figure><\/a><\/div><div class=\"swiper-slide\" role=\"group\" aria-roledescription=\"slide\" aria-label=\"5 de 16\"><a data-elementor-open-lightbox=\"yes\" data-elementor-lightbox-slideshow=\"cfdc1a8\" data-elementor-lightbox-title=\"2021012\" data-e-action-hash=\"#elementor-action%3Aaction%3Dlightbox%26settings%3DeyJpZCI6MTY0MywidXJsIjoiaHR0cHM6XC9cL2lzZi5lZHUucHlcL3dwLWNvbnRlbnRcL3VwbG9hZHNcLzIwMjFcLzAxXC8yMDIxMDEyLmpwZyIsInNsaWRlc2hvdyI6ImNmZGMxYTgifQ%3D%3D\" href=\"https:\/\/www.facebook.com\/sagradasl\/photos_albums\"><figure class=\"swiper-slide-inner\"><img decoding=\"async\" class=\"swiper-slide-image\" src=\"https:\/\/isf.edu.py\/wp-content\/uploads\/2021\/01\/2021012-768x576.jpg\" alt=\"2021012\" \/><\/figure><\/a><\/div><div class=\"swiper-slide\" role=\"group\" aria-roledescription=\"slide\" aria-label=\"6 de 16\"><a data-elementor-open-lightbox=\"yes\" data-elementor-lightbox-slideshow=\"cfdc1a8\" data-elementor-lightbox-title=\"2021011\" data-e-action-hash=\"#elementor-action%3Aaction%3Dlightbox%26settings%3DeyJpZCI6MTY0NCwidXJsIjoiaHR0cHM6XC9cL2lzZi5lZHUucHlcL3dwLWNvbnRlbnRcL3VwbG9hZHNcLzIwMjFcLzAxXC8yMDIxMDExLmpwZyIsInNsaWRlc2hvdyI6ImNmZGMxYTgifQ%3D%3D\" href=\"https:\/\/www.facebook.com\/sagradasl\/photos_albums\"><figure class=\"swiper-slide-inner\"><img decoding=\"async\" class=\"swiper-slide-image\" src=\"https:\/\/isf.edu.py\/wp-content\/uploads\/2021\/01\/2021011-768x576.jpg\" alt=\"2021011\" \/><\/figure><\/a><\/div><div class=\"swiper-slide\" role=\"group\" aria-roledescription=\"slide\" aria-label=\"7 de 16\"><a data-elementor-open-lightbox=\"yes\" data-elementor-lightbox-slideshow=\"cfdc1a8\" data-elementor-lightbox-title=\"2021010\" data-e-action-hash=\"#elementor-action%3Aaction%3Dlightbox%26settings%3DeyJpZCI6MTY0NSwidXJsIjoiaHR0cHM6XC9cL2lzZi5lZHUucHlcL3dwLWNvbnRlbnRcL3VwbG9hZHNcLzIwMjFcLzAxXC8yMDIxMDEwLmpwZyIsInNsaWRlc2hvdyI6ImNmZGMxYTgifQ%3D%3D\" href=\"https:\/\/www.facebook.com\/sagradasl\/photos_albums\"><figure class=\"swiper-slide-inner\"><img decoding=\"async\" class=\"swiper-slide-image\" src=\"https:\/\/isf.edu.py\/wp-content\/uploads\/2021\/01\/2021010-768x576.jpg\" alt=\"2021010\" \/><\/figure><\/a><\/div><div class=\"swiper-slide\" role=\"group\" aria-roledescription=\"slide\" aria-label=\"8 de 16\"><a data-elementor-open-lightbox=\"yes\" data-elementor-lightbox-slideshow=\"cfdc1a8\" data-elementor-lightbox-title=\"2021009\" data-e-action-hash=\"#elementor-action%3Aaction%3Dlightbox%26settings%3DeyJpZCI6MTY0NiwidXJsIjoiaHR0cHM6XC9cL2lzZi5lZHUucHlcL3dwLWNvbnRlbnRcL3VwbG9hZHNcLzIwMjFcLzAxXC8yMDIxMDA5LmpwZyIsInNsaWRlc2hvdyI6ImNmZGMxYTgifQ%3D%3D\" href=\"https:\/\/www.facebook.com\/sagradasl\/photos_albums\"><figure class=\"swiper-slide-inner\"><img decoding=\"async\" class=\"swiper-slide-image\" src=\"https:\/\/isf.edu.py\/wp-content\/uploads\/2021\/01\/2021009-768x576.jpg\" alt=\"2021009\" \/><\/figure><\/a><\/div><div class=\"swiper-slide\" role=\"group\" aria-roledescription=\"slide\" aria-label=\"9 de 16\"><a data-elementor-open-lightbox=\"yes\" data-elementor-lightbox-slideshow=\"cfdc1a8\" data-elementor-lightbox-title=\"2021008\" data-e-action-hash=\"#elementor-action%3Aaction%3Dlightbox%26settings%3DeyJpZCI6MTY0NywidXJsIjoiaHR0cHM6XC9cL2lzZi5lZHUucHlcL3dwLWNvbnRlbnRcL3VwbG9hZHNcLzIwMjFcLzAxXC8yMDIxMDA4LmpwZyIsInNsaWRlc2hvdyI6ImNmZGMxYTgifQ%3D%3D\" href=\"https:\/\/www.facebook.com\/sagradasl\/photos_albums\"><figure class=\"swiper-slide-inner\"><img decoding=\"async\" class=\"swiper-slide-image\" src=\"https:\/\/isf.edu.py\/wp-content\/uploads\/2021\/01\/2021008.jpg\" alt=\"2021008\" \/><\/figure><\/a><\/div><div class=\"swiper-slide\" role=\"group\" aria-roledescription=\"slide\" aria-label=\"10 de 16\"><a data-elementor-open-lightbox=\"yes\" data-elementor-lightbox-slideshow=\"cfdc1a8\" data-elementor-lightbox-title=\"2021007\" data-e-action-hash=\"#elementor-action%3Aaction%3Dlightbox%26settings%3DeyJpZCI6MTY0OCwidXJsIjoiaHR0cHM6XC9cL2lzZi5lZHUucHlcL3dwLWNvbnRlbnRcL3VwbG9hZHNcLzIwMjFcLzAxXC8yMDIxMDA3LmpwZyIsInNsaWRlc2hvdyI6ImNmZGMxYTgifQ%3D%3D\" href=\"https:\/\/www.facebook.com\/sagradasl\/photos_albums\"><figure class=\"swiper-slide-inner\"><img decoding=\"async\" class=\"swiper-slide-image\" src=\"https:\/\/isf.edu.py\/wp-content\/uploads\/2021\/01\/2021007.jpg\" alt=\"2021007\" \/><\/figure><\/a><\/div><div class=\"swiper-slide\" role=\"group\" aria-roledescription=\"slide\" aria-label=\"11 de 16\"><a data-elementor-open-lightbox=\"yes\" data-elementor-lightbox-slideshow=\"cfdc1a8\" data-elementor-lightbox-title=\"2021006\" data-e-action-hash=\"#elementor-action%3Aaction%3Dlightbox%26settings%3DeyJpZCI6MTY0OSwidXJsIjoiaHR0cHM6XC9cL2lzZi5lZHUucHlcL3dwLWNvbnRlbnRcL3VwbG9hZHNcLzIwMjFcLzAxXC8yMDIxMDA2LmpwZyIsInNsaWRlc2hvdyI6ImNmZGMxYTgifQ%3D%3D\" href=\"https:\/\/www.facebook.com\/sagradasl\/photos_albums\"><figure class=\"swiper-slide-inner\"><img decoding=\"async\" class=\"swiper-slide-image\" src=\"https:\/\/isf.edu.py\/wp-content\/uploads\/2021\/01\/2021006-768x768.jpg\" alt=\"2021006\" \/><\/figure><\/a><\/div><div class=\"swiper-slide\" role=\"group\" aria-roledescription=\"slide\" aria-label=\"12 de 16\"><a data-elementor-open-lightbox=\"yes\" data-elementor-lightbox-slideshow=\"cfdc1a8\" data-elementor-lightbox-title=\"2021005\" data-e-action-hash=\"#elementor-action%3Aaction%3Dlightbox%26settings%3DeyJpZCI6MTY1MCwidXJsIjoiaHR0cHM6XC9cL2lzZi5lZHUucHlcL3dwLWNvbnRlbnRcL3VwbG9hZHNcLzIwMjFcLzAxXC8yMDIxMDA1LmpwZyIsInNsaWRlc2hvdyI6ImNmZGMxYTgifQ%3D%3D\" href=\"https:\/\/www.facebook.com\/sagradasl\/photos_albums\"><figure class=\"swiper-slide-inner\"><img decoding=\"async\" class=\"swiper-slide-image\" src=\"https:\/\/isf.edu.py\/wp-content\/uploads\/2021\/01\/2021005-768x1365.jpg\" alt=\"2021005\" \/><\/figure><\/a><\/div><div class=\"swiper-slide\" role=\"group\" aria-roledescription=\"slide\" aria-label=\"13 de 16\"><a data-elementor-open-lightbox=\"yes\" data-elementor-lightbox-slideshow=\"cfdc1a8\" data-elementor-lightbox-title=\"2021004\" data-e-action-hash=\"#elementor-action%3Aaction%3Dlightbox%26settings%3DeyJpZCI6MTY1MSwidXJsIjoiaHR0cHM6XC9cL2lzZi5lZHUucHlcL3dwLWNvbnRlbnRcL3VwbG9hZHNcLzIwMjFcLzAxXC8yMDIxMDA0LmpwZyIsInNsaWRlc2hvdyI6ImNmZGMxYTgifQ%3D%3D\" href=\"https:\/\/www.facebook.com\/sagradasl\/photos_albums\"><figure class=\"swiper-slide-inner\"><img decoding=\"async\" class=\"swiper-slide-image\" src=\"https:\/\/isf.edu.py\/wp-content\/uploads\/2021\/01\/2021004-768x432.jpg\" alt=\"2021004\" \/><\/figure><\/a><\/div><div class=\"swiper-slide\" role=\"group\" aria-roledescription=\"slide\" aria-label=\"14 de 16\"><a data-elementor-open-lightbox=\"yes\" data-elementor-lightbox-slideshow=\"cfdc1a8\" data-elementor-lightbox-title=\"2021003\" data-e-action-hash=\"#elementor-action%3Aaction%3Dlightbox%26settings%3DeyJpZCI6MTY1MiwidXJsIjoiaHR0cHM6XC9cL2lzZi5lZHUucHlcL3dwLWNvbnRlbnRcL3VwbG9hZHNcLzIwMjFcLzAxXC8yMDIxMDAzLmpwZyIsInNsaWRlc2hvdyI6ImNmZGMxYTgifQ%3D%3D\" href=\"https:\/\/www.facebook.com\/sagradasl\/photos_albums\"><figure class=\"swiper-slide-inner\"><img decoding=\"async\" class=\"swiper-slide-image\" src=\"https:\/\/isf.edu.py\/wp-content\/uploads\/2021\/01\/2021003-768x576.jpg\" alt=\"2021003\" \/><\/figure><\/a><\/div><div class=\"swiper-slide\" role=\"group\" aria-roledescription=\"slide\" aria-label=\"15 de 16\"><a data-elementor-open-lightbox=\"yes\" data-elementor-lightbox-slideshow=\"cfdc1a8\" data-elementor-lightbox-title=\"2021002\" data-e-action-hash=\"#elementor-action%3Aaction%3Dlightbox%26settings%3DeyJpZCI6MTY1MywidXJsIjoiaHR0cHM6XC9cL2lzZi5lZHUucHlcL3dwLWNvbnRlbnRcL3VwbG9hZHNcLzIwMjFcLzAxXC8yMDIxMDAyLmpwZyIsInNsaWRlc2hvdyI6ImNmZGMxYTgifQ%3D%3D\" href=\"https:\/\/www.facebook.com\/sagradasl\/photos_albums\"><figure class=\"swiper-slide-inner\"><img decoding=\"async\" class=\"swiper-slide-image\" src=\"https:\/\/isf.edu.py\/wp-content\/uploads\/2021\/01\/2021002-768x1024.jpg\" alt=\"2021002\" \/><\/figure><\/a><\/div><div class=\"swiper-slide\" role=\"group\" aria-roledescription=\"slide\" aria-label=\"16 de 16\"><a data-elementor-open-lightbox=\"yes\" data-elementor-lightbox-slideshow=\"cfdc1a8\" data-elementor-lightbox-title=\"2021001\" data-e-action-hash=\"#elementor-action%3Aaction%3Dlightbox%26settings%3DeyJpZCI6MTY1NCwidXJsIjoiaHR0cHM6XC9cL2lzZi5lZHUucHlcL3dwLWNvbnRlbnRcL3VwbG9hZHNcLzIwMjFcLzAxXC8yMDIxMDAxLmpwZyIsInNsaWRlc2hvdyI6ImNmZGMxYTgifQ%3D%3D\" href=\"https:\/\/www.facebook.com\/sagradasl\/photos_albums\"><figure class=\"swiper-slide-inner\"><img decoding=\"async\" class=\"swiper-slide-image\" src=\"https:\/\/isf.edu.py\/wp-content\/uploads\/2021\/01\/2021001-768x768.jpg\" alt=\"2021001\" \/><\/figure><\/a><\/div>\t\t\t<\/div>\n\t\t\t\t\t\t\t\t\t\t\t\t<div class=\"elementor-swiper-button elementor-swiper-button-prev\" role=\"button\" tabindex=\"0\">\n\t\t\t\t\t\t<i aria-hidden=\"true\" class=\"eicon-chevron-left\"><\/i>\t\t\t\t\t<\/div>\n\t\t\t\t\t<div class=\"elementor-swiper-button elementor-swiper-button-next\" role=\"button\" tabindex=\"0\">\n\t\t\t\t\t\t<i aria-hidden=\"true\" class=\"eicon-chevron-right\"><\/i>\t\t\t\t\t<\/div>\n\t\t\t\t\n\t\t\t\t\t\t\t\t\t<div class=\"swiper-pagination\"><\/div>\n\t\t\t\t\t\t\t\t\t<\/div>\n\t\t\t\t<\/div>\n\t\t\t\t<\/div>\n\t\t\t\t\t<\/div>\n\t\t<\/div>\n\t\t\t\t\t<\/div>\n\t\t<\/section>\n\t\t\t\t<section class=\"elementor-section elementor-inner-section elementor-element elementor-element-6df37b7 elementor-section-boxed elementor-section-height-default elementor-section-height-default\" data-id=\"6df37b7\" data-element_type=\"section\">\n\t\t\t\t\t\t<div class=\"elementor-container elementor-column-gap-default\">\n\t\t\t\t\t<div class=\"elementor-column elementor-col-33 elementor-inner-column elementor-element elementor-element-7c31548\" data-id=\"7c31548\" data-element_type=\"column\">\n\t\t\t<div class=\"elementor-widget-wrap elementor-element-populated\">\n\t\t\t\t\t\t<div class=\"elementor-element elementor-element-51d9bc8 elementor-widget elementor-widget-video\" data-id=\"51d9bc8\" data-element_type=\"widget\" data-settings=\"{&quot;youtube_url&quot;:&quot;https:\\\/\\\/youtu.be\\\/WQe3hYIn0hQ&quot;,&quot;video_type&quot;:&quot;youtube&quot;,&quot;controls&quot;:&quot;yes&quot;}\" data-widget_type=\"video.default\">\n\t\t\t\t<div class=\"elementor-widget-container\">\n\t\t\t\t\t<div class=\"elementor-wrapper elementor-open-inline\">\n\t\t\t<div class=\"elementor-video\"><\/div>\t\t<\/div>\n\t\t\t\t<\/div>\n\t\t\t\t<\/div>\n\t\t\t\t\t<\/div>\n\t\t<\/div>\n\t\t\t\t<div class=\"elementor-column elementor-col-33 elementor-inner-column elementor-element elementor-element-4a0b0ec\" data-id=\"4a0b0ec\" data-element_type=\"column\">\n\t\t\t<div class=\"elementor-widget-wrap elementor-element-populated\">\n\t\t\t\t\t\t<div class=\"elementor-element elementor-element-7911d8c elementor-widget elementor-widget-video\" data-id=\"7911d8c\" data-element_type=\"widget\" data-settings=\"{&quot;video_type&quot;:&quot;hosted&quot;,&quot;controls&quot;:&quot;yes&quot;}\" data-widget_type=\"video.default\">\n\t\t\t\t<div class=\"elementor-widget-container\">\n\t\t\t\t\t<div class=\"e-hosted-video elementor-wrapper elementor-open-inline\">\n\t\t\t\t\t<video class=\"elementor-video\" src=\"https:\/\/isf.edu.py\/wp-content\/uploads\/2020\/06\/enGuaran\u00ed.mp4\" controls=\"\" preload=\"metadata\" controlsList=\"nodownload\"><\/video>\n\t\t\t\t<\/div>\n\t\t\t\t<\/div>\n\t\t\t\t<\/div>\n\t\t\t\t\t<\/div>\n\t\t<\/div>\n\t\t\t\t<div class=\"elementor-column elementor-col-33 elementor-inner-column elementor-element elementor-element-f284858\" data-id=\"f284858\" data-element_type=\"column\">\n\t\t\t<div class=\"elementor-widget-wrap elementor-element-populated\">\n\t\t\t\t\t\t<div class=\"elementor-element elementor-element-2cf3894 elementor-widget elementor-widget-video\" data-id=\"2cf3894\" data-element_type=\"widget\" data-settings=\"{&quot;youtube_url&quot;:&quot;https:\\\/\\\/youtu.be\\\/WaEA9JpoG-A&quot;,&quot;video_type&quot;:&quot;youtube&quot;,&quot;controls&quot;:&quot;yes&quot;}\" data-widget_type=\"video.default\">\n\t\t\t\t<div class=\"elementor-widget-container\">\n\t\t\t\t\t<div class=\"elementor-wrapper elementor-open-inline\">\n\t\t\t<div class=\"elementor-video\"><\/div>\t\t<\/div>\n\t\t\t\t<\/div>\n\t\t\t\t<\/div>\n\t\t\t\t\t<\/div>\n\t\t<\/div>\n\t\t\t\t\t<\/div>\n\t\t<\/section>\n\t\t\t\t<section class=\"elementor-section elementor-top-section elementor-element elementor-element-9abc4c8 elementor-section-boxed elementor-section-height-default elementor-section-height-default\" data-id=\"9abc4c8\" data-element_type=\"section\">\n\t\t\t\t\t\t<div class=\"elementor-container elementor-column-gap-default\">\n\t\t\t\t\t<div class=\"elementor-column elementor-col-100 elementor-top-column elementor-element elementor-element-b0e967c\" data-id=\"b0e967c\" data-element_type=\"column\">\n\t\t\t<div class=\"elementor-widget-wrap\">\n\t\t\t\t\t\t\t<\/div>\n\t\t<\/div>\n\t\t\t\t\t<\/div>\n\t\t<\/section>\n\t\t\t\t<\/div>\n\t\t","protected":false},"excerpt":{"rendered":"<p>Propuesta pedag\u00f3gica \u00a0 \u00a0 \u00a0 \u00a0 En sus diversas etapas buscar\u00e1 permanentemente el aprendizaje significativo, la educaci\u00f3n en valores, la incorporaci\u00f3n de las actividades l\u00fadicas, el desarrollo de la creatividad y la integraci\u00f3n de la evaluaci\u00f3n como proceso constante y formativo. \u00a0 \u00a0 \u00a0 \u00a0 Nuestra propuesta pedag\u00f3gica busca la formaci\u00f3n integral del ni\u00f1o, promoviendo &hellip;<\/p>\n<p class=\"read-more\"> <a class=\"\" href=\"https:\/\/isf.edu.py\/inicio\/institucional\/\"> <span class=\"screen-reader-text\">Institucional<\/span> Leer m\u00e1s &raquo;<\/a><\/p>\n","protected":false},"author":1,"featured_media":0,"parent":0,"menu_order":0,"comment_status":"closed","ping_status":"closed","template":"","meta":{"site-sidebar-layout":"no-sidebar","site-content-layout":"page-builder","ast-global-header-display":"","ast-main-header-display":"","ast-hfb-above-header-display":"","ast-hfb-below-header-display":"","ast-hfb-mobile-header-display":"","site-post-title":"disabled","ast-breadcrumbs-content":"","ast-featured-img":"disabled","footer-sml-layout":"","theme-transparent-header-meta":"default","adv-header-id-meta":"","stick-header-meta":"","header-above-stick-meta":"","header-main-stick-meta":"","header-below-stick-meta":""},"_links":{"self":[{"href":"https:\/\/isf.edu.py\/inicio\/wp-json\/wp\/v2\/pages\/747"}],"collection":[{"href":"https:\/\/isf.edu.py\/inicio\/wp-json\/wp\/v2\/pages"}],"about":[{"href":"https:\/\/isf.edu.py\/inicio\/wp-json\/wp\/v2\/types\/page"}],"author":[{"embeddable":true,"href":"https:\/\/isf.edu.py\/inicio\/wp-json\/wp\/v2\/users\/1"}],"replies":[{"embeddable":true,"href":"https:\/\/isf.edu.py\/inicio\/wp-json\/wp\/v2\/comments?post=747"}],"version-history":[{"count":41,"href":"https:\/\/isf.edu.py\/inicio\/wp-json\/wp\/v2\/pages\/747\/revisions"}],"predecessor-version":[{"id":2804,"href":"https:\/\/isf.edu.py\/inicio\/wp-json\/wp\/v2\/pages\/747\/revisions\/2804"}],"wp:attachment":[{"href":"https:\/\/isf.edu.py\/inicio\/wp-json\/wp\/v2\/media?parent=747"}],"curies":[{"name":"wp","href":"https:\/\/api.w.org\/{rel}","templated":true}]}}